{"id":12,"date":"2020-03-23T15:33:49","date_gmt":"2020-03-23T15:33:49","guid":{"rendered":"http:\/\/sandrineplumail.fr\/?page_id=12"},"modified":"2021-08-18T19:17:40","modified_gmt":"2021-08-18T19:17:40","slug":"la-page-de-contact-je-crois","status":"publish","type":"page","link":"https:\/\/sandrineplumail.fr\/index.php\/la-page-de-contact-je-crois\/","title":{"rendered":"Contact"},"content":{"rendered":"\n<div class=\"wp-block-image is-style-default\"><figure class=\"aligncenter size-large is-resized\"><img loading=\"lazy\" decoding=\"async\" src=\"https:\/\/sandrineplumail.fr\/wp-content\/uploads\/2021\/02\/Cabane-1024x576.jpg\" alt=\"\" class=\"wp-image-179\" width=\"901\" height=\"507\" srcset=\"https:\/\/sandrineplumail.fr\/wp-content\/uploads\/2021\/02\/Cabane-1024x576.jpg 1024w, https:\/\/sandrineplumail.fr\/wp-content\/uploads\/2021\/02\/Cabane-300x169.jpg 300w, https:\/\/sandrineplumail.fr\/wp-content\/uploads\/2021\/02\/Cabane-768x432.jpg 768w, https:\/\/sandrineplumail.fr\/wp-content\/uploads\/2021\/02\/Cabane-1536x864.jpg 1536w, https:\/\/sandrineplumail.fr\/wp-content\/uploads\/2021\/02\/Cabane-2048x1152.jpg 2048w\" sizes=\"auto, (max-width: 767px) 89vw, (max-width: 1000px) 54vw, (max-width: 1071px) 543px, 580px\" \/><\/figure><\/div>\n\n\n\n<p>Sur rendez vous,<\/p>\n\n\n\n<p><strong>T\u00e9l\u00e9phone&nbsp;: 0625862971<\/strong><\/p>\n\n\n\n<p> au 26 rue des \u00e9rables 34270 Saint Mathieu de Tr\u00e9viers<\/p>\n\n\n\n<p><strong>Courriel : contact@sandrineplumail.fr<\/strong><\/p>\n\n\n\n<p><\/p>\n\n\n\n<p><\/p>\n","protected":false},"excerpt":{"rendered":"<p>Sur rendez vous, T\u00e9l\u00e9phone&nbsp;: 0625862971 au 26 rue des \u00e9rables 34270 Saint Mathieu de Tr\u00e9viers Courriel : contact@sandrineplumail.fr<\/p>\n","protected":false},"author":1,"featured_media":53,"parent":0,"menu_order":0,"comment_status":"closed","ping_status":"closed","template":"","meta":{"footnotes":""},"class_list":["post-12","page","type-page","status-publish","has-post-thumbnail","hentry"],"_links":{"self":[{"href":"https:\/\/sandrineplumail.fr\/index.php\/wp-json\/wp\/v2\/pages\/12","targetHints":{"allow":["GET"]}}],"collection":[{"href":"https:\/\/sandrineplumail.fr\/index.php\/wp-json\/wp\/v2\/pages"}],"about":[{"href":"https:\/\/sandrineplumail.fr\/index.php\/wp-json\/wp\/v2\/types\/page"}],"author":[{"embeddable":true,"href":"https:\/\/sandrineplumail.fr\/index.php\/wp-json\/wp\/v2\/users\/1"}],"replies":[{"embeddable":true,"href":"https:\/\/sandrineplumail.fr\/index.php\/wp-json\/wp\/v2\/comments?post=12"}],"version-history":[{"count":11,"href":"https:\/\/sandrineplumail.fr\/index.php\/wp-json\/wp\/v2\/pages\/12\/revisions"}],"predecessor-version":[{"id":208,"href":"https:\/\/sandrineplumail.fr\/index.php\/wp-json\/wp\/v2\/pages\/12\/revisions\/208"}],"wp:featuredmedia":[{"embeddable":true,"href":"https:\/\/sandrineplumail.fr\/index.php\/wp-json\/wp\/v2\/media\/53"}],"wp:attachment":[{"href":"https:\/\/sandrineplumail.fr\/index.php\/wp-json\/wp\/v2\/media?parent=12"}],"curies":[{"name":"wp","href":"https:\/\/api.w.org\/{rel}","templated":true}]}}