{"id":14,"date":"2020-03-23T15:34:06","date_gmt":"2020-03-23T15:34:06","guid":{"rendered":"http:\/\/sandrineplumail.fr\/?page_id=14"},"modified":"2022-12-02T20:08:57","modified_gmt":"2022-12-02T20:08:57","slug":"la-troisieme-page-jsplus-pq","status":"publish","type":"page","link":"https:\/\/sandrineplumail.fr\/","title":{"rendered":"Qui suis-je?"},"content":{"rendered":"<div class=\"wp-block-image is-style-rounded\">\n<figure class=\"aligncenter size-large is-resized\"><img loading=\"lazy\" decoding=\"async\" src=\"https:\/\/sandrineplumail.fr\/wp-content\/uploads\/2021\/01\/IMG_1092-edited-scaled.jpg\" alt=\"\" class=\"wp-image-118\" width=\"411\" height=\"411\" srcset=\"https:\/\/sandrineplumail.fr\/wp-content\/uploads\/2021\/01\/IMG_1092-edited-scaled.jpg 2560w, https:\/\/sandrineplumail.fr\/wp-content\/uploads\/2021\/01\/IMG_1092-edited-300x300.jpg 300w, https:\/\/sandrineplumail.fr\/wp-content\/uploads\/2021\/01\/IMG_1092-edited-1024x1024.jpg 1024w, https:\/\/sandrineplumail.fr\/wp-content\/uploads\/2021\/01\/IMG_1092-edited-150x150.jpg 150w, https:\/\/sandrineplumail.fr\/wp-content\/uploads\/2021\/01\/IMG_1092-edited-768x768.jpg 768w, https:\/\/sandrineplumail.fr\/wp-content\/uploads\/2021\/01\/IMG_1092-edited-1536x1536.jpg 1536w, https:\/\/sandrineplumail.fr\/wp-content\/uploads\/2021\/01\/IMG_1092-edited-2048x2048.jpg 2048w, https:\/\/sandrineplumail.fr\/wp-content\/uploads\/2021\/01\/IMG_1092-edited-100x100.jpg 100w\" sizes=\"auto, (max-width: 411px) 100vw, 411px\" \/><\/figure><\/div>\n\n\n<p class=\"has-drop-cap\"> <br> Bonjour \u00e0 vous qui avez cliqu\u00e9 sur le site pour en savoir plus&#8230; <br> <br> Je m&#8217;appelle Sandrine Plumail-Cohergne et j&#8217;exerce \u00e0 Saint-Mathieu-de-Tr\u00e9viers. <br> <br> De nature optimiste, je crois en la vie ! Elle m&#8217;a souvent offert et j&#8217;ai appris \u00e0 recevoir!<br> <br> Je suis infirmi\u00e8re dipl\u00f4m\u00e9e d&#8217;Etat et voyageuse depuis plus de 20 ans. Pourquoi est ce que je lie l&#8217;un et l&#8217;autre ? Tout simplement car tous deux s&#8217;unissent pour former ma personnalit\u00e9, pour donner vie \u00e0 la th\u00e9rapeute que je suis. Ils sont nourris par la rencontre, par l&#8217;humain, par l&#8217;adaptation et bien plus encore&#8230; <br> <br> Infirmi\u00e8re est mon m\u00e9tier premier, je l&#8217;ai pratiqu\u00e9  avec foi et avec coeur. C&#8217;est lui qui m&#8217;a guid\u00e9e dans le soin . Il m&#8217;a permis de rencontrer des milliers de personnes plus ou moins en souffrance et d&#8217;apprendre aupr\u00e8s d&#8217;elles, au quotidien. J&#8217;ai travaill\u00e9 en psychiatrie, en canc\u00e9rologie, en r\u00e9education ou en centres aupr\u00e8s de personnes t\u00e9trapl\u00e9giques ou ayant des maladies d\u00e9g\u00e9n\u00e9ratives, dans des dispensaires \u00e0 l&#8217;\u00e9tranger et en dialyse. C&#8217;est ainsi que j&#8217;ai appr\u00e9hend\u00e9 les lois de la relation ! D&#8217;une exp\u00e9rience \u00e0 une autre, la complexit\u00e9 de l&#8217;\u00eatre humain a commenc\u00e9 \u00e0 me fasciner&#8230; et \u00e0 faire grandir en moi humilit\u00e9 et respect ! <br> <br> La voyageuse qui m\u2019habite symbolise l&#8217;ouverture , le monde des possibles et la richesse de la diff\u00e9rence. C&#8217;est gr\u00e2ce \u00e0 ce c\u00f4t\u00e9 qu&#8217;un jour j&#8217;ai eu le d\u00e9sir de soigner &#8220;autrement&#8221;. Peut-\u00eatre aussi parce que j&#8217;ai connu autre chose, ailleurs ?! Je ne saurais affirmer le pourquoi du comment mais l&#8217;histoire se conte ainsi. Les ann\u00e9es passant, j&#8217;ai eu le go\u00fbt de m\u2019occuper de la personne dans son enti\u00e8ret\u00e9 en commen\u00e7ant parfois par r\u00e9unifier, pacifier\u2026 Puis rapidement, la n\u00e9cessit\u00e9 de lier ou relier les corps physique, psychique et \u00e9motionnel s&#8217;est  impos\u00e9e \u00e0 moi. Quant au fait, de permettre aux \u00eatres que nous sommes de vivre en lien avec son environnement, c\u2019est devenu une \u00e9vidence\u00a0! Nous sommes une part de l\u2019Univers et l\u2019Univers est une part de nous , n\u2019est ce pas\u00a0?<br> <br> <\/p>\n\n\n\n<p>Pour satisfaire au mieux ma qu\u00eate, je suis retourn\u00e9e sur les bancs de l\u2019\u00e9cole \u00e0 plusieurs reprises. L\u2019hypnose a r\u00e9pondu a beaucoup d\u2019attentes. Comme j\u2019avais aussi l\u2019envie d\u2019\u00eatre plus \u00e0 l\u2019\u00e9coute du corps et \u00e0 sa connexion avec l\u2019ext\u00e9rieur, la m\u00e9decine chinoise traditionnelle compl\u00e8te merveilleusement ce chemin. La notion d\u2019\u00e9nergie prend naissance et une nouvelle lecture appara\u00eet avec toujours le but de pr\u00e9server sa sant\u00e9.  <\/p>\n\n\n\n<p><br>\nJ\u2019ai\naujourd\u2019hui le d\u00e9sir de prendre  soin en laissant \u00e0 chacun sa\nplace, sa responsabilit\u00e9, son autonomie et en honorant ce que\nsignifie \u00ab&nbsp; personnaliser&nbsp;\u00bb . \n<\/p>\n\n\n\n<p>Par ailleurs, il est essentiel pour moi de cr\u00e9er des ponts entre les m\u00e9decines dites &nbsp;conventionnelles&nbsp;et toutes les autres&nbsp;. La compl\u00e9mentarit\u00e9 est notre force aujourd&nbsp;\u2018hui et demain&nbsp;! Nos besoins changent et le monde \u00e9volue alors c\u2019est peut-\u00eatre le moment de partager nos savoirs, nos comp\u00e9tences, nos connaissances pour le bien de tous&nbsp;! A l\u2019heure de la dominance technologique, nous avons plus que jamais besoin de l\u2019humanisation&#8230;<br> <br> <\/p>\n","protected":false},"excerpt":{"rendered":"<p>Bonjour \u00e0 vous qui avez cliqu\u00e9 sur le site pour en savoir plus&#8230; Je m&#8217;appelle Sandrine Plumail-Cohergne et j&#8217;exerce \u00e0 Saint-Mathieu-de-Tr\u00e9viers. De nature optimiste, je crois en la vie ! Elle m&#8217;a souvent offert et j&#8217;ai appris \u00e0 recevoir! Je suis infirmi\u00e8re dipl\u00f4m\u00e9e d&#8217;Etat et voyageuse depuis plus de 20 ans. Pourquoi est ce que &hellip; <\/p>\n<p class=\"link-more\"><a href=\"https:\/\/sandrineplumail.fr\/\" class=\"more-link\">Continue reading<span class=\"screen-reader-text\"> &#8220;Qui suis-je?&#8221;<\/span><\/a><\/p>\n","protected":false},"author":1,"featured_media":147,"parent":0,"menu_order":0,"comment_status":"closed","ping_status":"closed","template":"","meta":{"footnotes":""},"class_list":["post-14","page","type-page","status-publish","has-post-thumbnail","hentry"],"_links":{"self":[{"href":"https:\/\/sandrineplumail.fr\/index.php\/wp-json\/wp\/v2\/pages\/14","targetHints":{"allow":["GET"]}}],"collection":[{"href":"https:\/\/sandrineplumail.fr\/index.php\/wp-json\/wp\/v2\/pages"}],"about":[{"href":"https:\/\/sandrineplumail.fr\/index.php\/wp-json\/wp\/v2\/types\/page"}],"author":[{"embeddable":true,"href":"https:\/\/sandrineplumail.fr\/index.php\/wp-json\/wp\/v2\/users\/1"}],"replies":[{"embeddable":true,"href":"https:\/\/sandrineplumail.fr\/index.php\/wp-json\/wp\/v2\/comments?post=14"}],"version-history":[{"count":17,"href":"https:\/\/sandrineplumail.fr\/index.php\/wp-json\/wp\/v2\/pages\/14\/revisions"}],"predecessor-version":[{"id":271,"href":"https:\/\/sandrineplumail.fr\/index.php\/wp-json\/wp\/v2\/pages\/14\/revisions\/271"}],"wp:featuredmedia":[{"embeddable":true,"href":"https:\/\/sandrineplumail.fr\/index.php\/wp-json\/wp\/v2\/media\/147"}],"wp:attachment":[{"href":"https:\/\/sandrineplumail.fr\/index.php\/wp-json\/wp\/v2\/media?parent=14"}],"curies":[{"name":"wp","href":"https:\/\/api.w.org\/{rel}","templated":true}]}}