{"id":221,"date":"2021-11-23T16:26:52","date_gmt":"2021-11-23T16:26:52","guid":{"rendered":"http:\/\/sandrineplumail.fr\/?page_id=221"},"modified":"2022-12-04T15:55:03","modified_gmt":"2022-12-04T15:55:03","slug":"lhistoire-du-mois","status":"publish","type":"page","link":"https:\/\/sandrineplumail.fr\/index.php\/lhistoire-du-mois\/","title":{"rendered":"L&#8217;histoire du mois"},"content":{"rendered":"\n<figure class=\"wp-block-image size-large is-resized\"><img loading=\"lazy\" decoding=\"async\" src=\"https:\/\/sandrineplumail.fr\/wp-content\/uploads\/2022\/12\/IMG_1804-edited-scaled.jpg\" alt=\"\" class=\"wp-image-296\" width=\"673\" height=\"518\"\/><\/figure>\n\n\n\n<p>Quoi de mieux que de conter quelques histoires pour comprendre la vie dans le &#8220;cabinet&#8221; que je nomme &#8220;la cabane des garrigues&#8221; ?<\/p>\n\n\n\n<p>Il s&#8217;agit de C., 10 ans. Elle vient consulter suite \u00e0 une entorse qui ne cicatrise pas apr\u00e8s plusieurs essais th\u00e9rapeutiques et dont le diagnostic d&#8217;algodystrophie est pos\u00e9.<\/p>\n\n\n\n<p>Elle vient me voir avec des b\u00e9quilles. Elle a mal. Nous prenons un temps pour nous rencontrer et pour savoir ce qu&#8217;elle vit en ce moment et pr\u00e9cis\u00e9ment depuis que sa cheville est douloureuse. Ensuite, j&#8217;\u00e9coute son corps gr\u00e2ce au 13 pouls chinois qui se situent au niveau du poignet. Avec m\u00e9thode, je teste des tubes hom\u00e9opathiques pour travailler en isoth\u00e9rapie et je d\u00e9bute le travail de m\u00e9decine chinoise par acupression ( avec les doigts) en suivant une logique. <\/p>\n\n\n\n<p>A la fin de la s\u00e9ance, elle parvient \u00e0 poser son pied doucement.<\/p>\n\n\n\n<p>Je la revois 5 jours plus tard. Elle a quitt\u00e9 ses b\u00e9quilles, elle bo\u00eete mais elle se sent mieux.  A la fin de la s\u00e9ance, elle trottine. Elle et sa maman sont en joie. C. pourra participer aux sorties poneys pr\u00e9vues par l&#8217;\u00e9cole 2 jours plus tard. La motivation \u00e9tait grande et cela a aussi contribu\u00e9 \u00e0 une gu\u00e9rison aussi rapide !<\/p>\n","protected":false},"excerpt":{"rendered":"<p>Quoi de mieux que de conter quelques histoires pour comprendre la vie dans le &#8220;cabinet&#8221; que je nomme &#8220;la cabane des garrigues&#8221; ? Il s&#8217;agit de C., 10 ans. Elle vient consulter suite \u00e0 une entorse qui ne cicatrise pas apr\u00e8s plusieurs essais th\u00e9rapeutiques et dont le diagnostic d&#8217;algodystrophie est pos\u00e9. Elle vient me voir &hellip; <\/p>\n<p class=\"link-more\"><a href=\"https:\/\/sandrineplumail.fr\/index.php\/lhistoire-du-mois\/\" class=\"more-link\">Continue reading<span class=\"screen-reader-text\"> &#8220;L&#8217;histoire du mois&#8221;<\/span><\/a><\/p>\n","protected":false},"author":2,"featured_media":0,"parent":0,"menu_order":0,"comment_status":"closed","ping_status":"closed","template":"","meta":{"footnotes":""},"class_list":["post-221","page","type-page","status-publish","hentry"],"_links":{"self":[{"href":"https:\/\/sandrineplumail.fr\/index.php\/wp-json\/wp\/v2\/pages\/221","targetHints":{"allow":["GET"]}}],"collection":[{"href":"https:\/\/sandrineplumail.fr\/index.php\/wp-json\/wp\/v2\/pages"}],"about":[{"href":"https:\/\/sandrineplumail.fr\/index.php\/wp-json\/wp\/v2\/types\/page"}],"author":[{"embeddable":true,"href":"https:\/\/sandrineplumail.fr\/index.php\/wp-json\/wp\/v2\/users\/2"}],"replies":[{"embeddable":true,"href":"https:\/\/sandrineplumail.fr\/index.php\/wp-json\/wp\/v2\/comments?post=221"}],"version-history":[{"count":4,"href":"https:\/\/sandrineplumail.fr\/index.php\/wp-json\/wp\/v2\/pages\/221\/revisions"}],"predecessor-version":[{"id":297,"href":"https:\/\/sandrineplumail.fr\/index.php\/wp-json\/wp\/v2\/pages\/221\/revisions\/297"}],"wp:attachment":[{"href":"https:\/\/sandrineplumail.fr\/index.php\/wp-json\/wp\/v2\/media?parent=221"}],"curies":[{"name":"wp","href":"https:\/\/api.w.org\/{rel}","templated":true}]}}