{"id":30,"date":"2020-03-26T16:22:45","date_gmt":"2020-03-26T16:22:45","guid":{"rendered":"http:\/\/sandrineplumail.fr\/?page_id=30"},"modified":"2021-11-18T18:23:49","modified_gmt":"2021-11-18T18:23:49","slug":"liens-temoignages","status":"publish","type":"page","link":"https:\/\/sandrineplumail.fr\/index.php\/liens-temoignages\/","title":{"rendered":"Liens &#038; T\u00e9moignages"},"content":{"rendered":"\n<p><a href=\"https:\/\/www.methodezhongfu.org\/\">https:\/\/www.methodezhongfu.org\/<\/a><\/p>\n\n\n\n<p><\/p>\n\n\n<ol class=\"has-avatars has-dates has-excerpts wp-block-latest-comments\"><li class=\"wp-block-latest-comments__comment\"><img alt='' src='https:\/\/secure.gravatar.com\/avatar\/a9de62d6e6d11fe4e708aed12ceaad97125dee2d53c8a66041304cc84a7fa524?s=48&#038;d=blank&#038;r=g' srcset='https:\/\/secure.gravatar.com\/avatar\/a9de62d6e6d11fe4e708aed12ceaad97125dee2d53c8a66041304cc84a7fa524?s=96&#038;d=blank&#038;r=g 2x' class='avatar avatar-48 photo wp-block-latest-comments__comment-avatar' height='48' width='48' \/><article><footer class=\"wp-block-latest-comments__comment-meta\"><span class=\"wp-block-latest-comments__comment-author\">Sonia vandeville<\/span> on <a class=\"wp-block-latest-comments__comment-link\" href=\"https:\/\/sandrineplumail.fr\/index.php\/liens-temoignages\/#comment-77\">Liens &#038; T\u00e9moignages<\/a><time datetime=\"2024-09-26T12:29:37+00:00\" class=\"wp-block-latest-comments__comment-date\">26\/09\/2024<\/time><\/footer><div class=\"wp-block-latest-comments__comment-excerpt\"><p>J&#8217;ai contact\u00e9 Sandrine suite \u00e0 une discussion avec une amie, je ne savais pas trop quoi penser sur l&#8217;hypnose. Comme&hellip;<\/p>\n<\/div><\/article><\/li><li class=\"wp-block-latest-comments__comment\"><img alt='' src='https:\/\/secure.gravatar.com\/avatar\/d587d43564a0c2de6662328a67e1a95a0734cda28eef97b499f5ccb2a8ecd85d?s=48&#038;d=blank&#038;r=g' srcset='https:\/\/secure.gravatar.com\/avatar\/d587d43564a0c2de6662328a67e1a95a0734cda28eef97b499f5ccb2a8ecd85d?s=96&#038;d=blank&#038;r=g 2x' class='avatar avatar-48 photo wp-block-latest-comments__comment-avatar' height='48' width='48' \/><article><footer class=\"wp-block-latest-comments__comment-meta\"><span class=\"wp-block-latest-comments__comment-author\">Julie G<\/span> on <a class=\"wp-block-latest-comments__comment-link\" href=\"https:\/\/sandrineplumail.fr\/index.php\/liens-temoignages\/#comment-74\">Liens &#038; T\u00e9moignages<\/a><time datetime=\"2024-02-03T13:16:50+00:00\" class=\"wp-block-latest-comments__comment-date\">03\/02\/2024<\/time><\/footer><div class=\"wp-block-latest-comments__comment-excerpt\"><p>Venez \u00e0 la rencontre de Sandrine, b\u00e9n\u00e9ficier de ses techniques de soins, de sa bienveillance, de sa grande \u00e9coute, de&hellip;<\/p>\n<\/div><\/article><\/li><li class=\"wp-block-latest-comments__comment\"><img alt='' src='https:\/\/secure.gravatar.com\/avatar\/a7df66c39f652a3ab4a0a120db45a2e5ab5b69283a1d76637b75f2c63a0bba58?s=48&#038;d=blank&#038;r=g' srcset='https:\/\/secure.gravatar.com\/avatar\/a7df66c39f652a3ab4a0a120db45a2e5ab5b69283a1d76637b75f2c63a0bba58?s=96&#038;d=blank&#038;r=g 2x' class='avatar avatar-48 photo wp-block-latest-comments__comment-avatar' height='48' width='48' \/><article><footer class=\"wp-block-latest-comments__comment-meta\"><span class=\"wp-block-latest-comments__comment-author\">Perich Audrey<\/span> on <a class=\"wp-block-latest-comments__comment-link\" href=\"https:\/\/sandrineplumail.fr\/index.php\/liens-temoignages\/#comment-73\">Liens &#038; T\u00e9moignages<\/a><time datetime=\"2023-08-20T18:09:09+00:00\" class=\"wp-block-latest-comments__comment-date\">20\/08\/2023<\/time><\/footer><div class=\"wp-block-latest-comments__comment-excerpt\"><p>Si vous croisez le chemin de Sandrine et bien il n&#8217;y a pas de hasard . Je te remercie Sandrine&hellip;<\/p>\n<\/div><\/article><\/li><li class=\"wp-block-latest-comments__comment\"><img alt='' src='https:\/\/secure.gravatar.com\/avatar\/faad2c74945c36e3afd63c5fc77c2c9ec05549fa44eba54f6cabc31bde15fd84?s=48&#038;d=blank&#038;r=g' srcset='https:\/\/secure.gravatar.com\/avatar\/faad2c74945c36e3afd63c5fc77c2c9ec05549fa44eba54f6cabc31bde15fd84?s=96&#038;d=blank&#038;r=g 2x' class='avatar avatar-48 photo wp-block-latest-comments__comment-avatar' height='48' width='48' \/><article><footer class=\"wp-block-latest-comments__comment-meta\"><span class=\"wp-block-latest-comments__comment-author\">Flo Anne<\/span> on <a class=\"wp-block-latest-comments__comment-link\" href=\"https:\/\/sandrineplumail.fr\/index.php\/liens-temoignages\/#comment-72\">Liens &#038; T\u00e9moignages<\/a><time datetime=\"2023-01-09T13:42:43+00:00\" class=\"wp-block-latest-comments__comment-date\">09\/01\/2023<\/time><\/footer><div class=\"wp-block-latest-comments__comment-excerpt\"><p>Sandrine, petite f\u00e9e qui a illumin\u00e9 ma route&#8230;cela m&#8217;a permis d&#8217;y voir plus clair pour prendre les d\u00e9cisions qui ont&hellip;<\/p>\n<\/div><\/article><\/li><li class=\"wp-block-latest-comments__comment\"><img alt='' src='https:\/\/secure.gravatar.com\/avatar\/0067335963c8b88abbcac554efdc2714eb907f20af6258dec4776a0136758eed?s=48&#038;d=blank&#038;r=g' srcset='https:\/\/secure.gravatar.com\/avatar\/0067335963c8b88abbcac554efdc2714eb907f20af6258dec4776a0136758eed?s=96&#038;d=blank&#038;r=g 2x' class='avatar avatar-48 photo wp-block-latest-comments__comment-avatar' height='48' width='48' \/><article><footer class=\"wp-block-latest-comments__comment-meta\"><a class=\"wp-block-latest-comments__comment-author\" href=\"https:\/\/www.sandrine-mallet-lecharny.com\">Sandrine Mallet Lecharny<\/a> on <a class=\"wp-block-latest-comments__comment-link\" href=\"https:\/\/sandrineplumail.fr\/index.php\/liens-temoignages\/#comment-67\">Liens &#038; T\u00e9moignages<\/a><time datetime=\"2022-09-07T11:25:17+00:00\" class=\"wp-block-latest-comments__comment-date\">07\/09\/2022<\/time><\/footer><div class=\"wp-block-latest-comments__comment-excerpt\"><p>Je suis accompagn\u00e9e par Sandrine depuis d\u00e9but 2022 (soit quelques mois uniquement). Je suis en th\u00e9rapie personnelle depuis des ann\u00e9es,&hellip;<\/p>\n<\/div><\/article><\/li><\/ol>","protected":false},"excerpt":{"rendered":"<p>https:\/\/www.methodezhongfu.org\/<\/p>\n","protected":false},"author":1,"featured_media":42,"parent":0,"menu_order":0,"comment_status":"open","ping_status":"closed","template":"","meta":{"footnotes":""},"class_list":["post-30","page","type-page","status-publish","has-post-thumbnail","hentry"],"_links":{"self":[{"href":"https:\/\/sandrineplumail.fr\/index.php\/wp-json\/wp\/v2\/pages\/30","targetHints":{"allow":["GET"]}}],"collection":[{"href":"https:\/\/sandrineplumail.fr\/index.php\/wp-json\/wp\/v2\/pages"}],"about":[{"href":"https:\/\/sandrineplumail.fr\/index.php\/wp-json\/wp\/v2\/types\/page"}],"author":[{"embeddable":true,"href":"https:\/\/sandrineplumail.fr\/index.php\/wp-json\/wp\/v2\/users\/1"}],"replies":[{"embeddable":true,"href":"https:\/\/sandrineplumail.fr\/index.php\/wp-json\/wp\/v2\/comments?post=30"}],"version-history":[{"count":8,"href":"https:\/\/sandrineplumail.fr\/index.php\/wp-json\/wp\/v2\/pages\/30\/revisions"}],"predecessor-version":[{"id":307,"href":"https:\/\/sandrineplumail.fr\/index.php\/wp-json\/wp\/v2\/pages\/30\/revisions\/307"}],"wp:featuredmedia":[{"embeddable":true,"href":"https:\/\/sandrineplumail.fr\/index.php\/wp-json\/wp\/v2\/media\/42"}],"wp:attachment":[{"href":"https:\/\/sandrineplumail.fr\/index.php\/wp-json\/wp\/v2\/media?parent=30"}],"curies":[{"name":"wp","href":"https:\/\/api.w.org\/{rel}","templated":true}]}}