{"id":9,"date":"2020-03-20T14:45:14","date_gmt":"2020-03-20T14:45:14","guid":{"rendered":"http:\/\/sandrineplumail.fr\/?page_id=9"},"modified":"2026-01-14T20:47:11","modified_gmt":"2026-01-14T20:47:11","slug":"page-1","status":"publish","type":"page","link":"https:\/\/sandrineplumail.fr\/index.php\/page-1\/","title":{"rendered":"Hypnose"},"content":{"rendered":"\n<p><em> \u00ab&nbsp;Ce n\u2019est pas parce que les choses sont difficiles que nous n\u2019osons pas mais c\u2019est parce que nous n\u2019osons pas qu\u2019elles sont difficiles&nbsp;.\u00bb, S\u00e9n\u00e8que.<\/em><\/p>\n\n\n\n<p class=\"en-caveat has-large-font-size\">&#8211; <strong>Qu\u2019est ce que l\u2019hypnose&nbsp;?<\/strong><\/p>\n\n\n\n<p>Les d\u00e9finitions\nsont nombreuses mais l\u2019on s\u2019entend \u00e0 dire que c\u2019est un \u00e9tat\nde conscience modifi\u00e9e. C\u2019est aussi un ph\u00e9nom\u00e8ne naturel et\naccessible \u00e0 tous&nbsp;!<\/p>\n\n\n\n<p>C\u2019est une th\u00e9rapie\ndouce car le rythme de chacun est respect\u00e9, entendu et suivi.<\/p>\n\n\n\n<p>La notion de temporalit\u00e9 est essentielle. Les \u00ab&nbsp;choses&nbsp;\u00bb ne se feront que si c\u2019est le moment pour la personne. En aucun cas, le ou la th\u00e9rapeute ne peut prendre la place de \u2026 ni m\u00eame trouver vos solutions. Elles vous appartiennent&nbsp;!  <\/p>\n\n\n\n<p class=\"en-caveat has-large-font-size\"><strong>-Quand se tourner vers l\u2019hypnose&nbsp;?  <\/strong><\/p>\n\n\n\n<p>Pour moi, c\u2019est le monde des possibles alors je ne limiterai pas les objectifs. Vous pouvez venir consulter pour des blocages, des deuils, des blessures, des d\u00e9pendances, des troubles alimentaires, des douleurs, des phobies, pour mieux g\u00e9rer vos \u00e9motions et plus encore &#8230; La seule donn\u00e9e importante est d\u2019avoir le d\u00e9sir de travailler sur soi pour aller mieux\u2026 et d\u2019avoir enfin la chance de se rencontrer&nbsp;!<\/p>\n\n\n\n<p>Comme disait\nHippocrate&nbsp;:&nbsp;\u00bbAvant de gu\u00e9rir quelqu\u2019un, demande lui\ns\u2019il est pr\u00eat \u00e0 abandonner les choses qui le rendent malade&nbsp;\u00bb<\/p>\n\n\n\n<p class=\"en-caveat has-large-font-size\"><strong>-Comment se d\u00e9roule la s\u00e9ance&nbsp;?<\/strong><\/p>\n\n\n\n<p>La premi\u00e8re fois, c\u2019est une rencontre. C\u2019est l\u00e0 que nous allons cr\u00e9er une relation de confiance et fixer vos objectifs au plus pr\u00e8s de ce que vous d\u00e9sirez, selon qui vous \u00eates en balisant ce que vous pouvez entreprendre aujourd&#8217;hui. Cette s\u00e9ance est souvent plus riche que ce que l&#8217;on croit !<\/p>\n\n\n\n<p>A partir de la\ndeuxi\u00e8me s\u00e9ance, l\u2019hypnose commence&nbsp;!<\/p>\n\n\n\n<p>Je vous guiderai en toute s\u00e9curit\u00e9 et avec beaucoup de bienveillance. La dur\u00e9e est en moyenne d\u20191h et vaut 70 euros. Evidemment, ce qui se passe entre les murs reste confidentiel\u00a0!<\/p>\n\n\n\n<p class=\"en-caveat has-x-large-font-size\"><strong>Alors, OSEZ l\u2019hypn\u2019OSE&nbsp;!<\/strong><\/p>\n","protected":false},"excerpt":{"rendered":"<p>\u00ab&nbsp;Ce n\u2019est pas parce que les choses sont difficiles que nous n\u2019osons pas mais c\u2019est parce que nous n\u2019osons pas qu\u2019elles sont difficiles&nbsp;.\u00bb, S\u00e9n\u00e8que. &#8211; Qu\u2019est ce que l\u2019hypnose&nbsp;? Les d\u00e9finitions sont nombreuses mais l\u2019on s\u2019entend \u00e0 dire que c\u2019est un \u00e9tat de conscience modifi\u00e9e. C\u2019est aussi un ph\u00e9nom\u00e8ne naturel et accessible \u00e0 tous&nbsp;! C\u2019est &hellip; <\/p>\n<p class=\"link-more\"><a href=\"https:\/\/sandrineplumail.fr\/index.php\/page-1\/\" class=\"more-link\">Continue reading<span class=\"screen-reader-text\"> &#8220;Hypnose&#8221;<\/span><\/a><\/p>\n","protected":false},"author":1,"featured_media":51,"parent":0,"menu_order":0,"comment_status":"closed","ping_status":"closed","template":"","meta":{"footnotes":""},"class_list":["post-9","page","type-page","status-publish","has-post-thumbnail","hentry"],"_links":{"self":[{"href":"https:\/\/sandrineplumail.fr\/index.php\/wp-json\/wp\/v2\/pages\/9","targetHints":{"allow":["GET"]}}],"collection":[{"href":"https:\/\/sandrineplumail.fr\/index.php\/wp-json\/wp\/v2\/pages"}],"about":[{"href":"https:\/\/sandrineplumail.fr\/index.php\/wp-json\/wp\/v2\/types\/page"}],"author":[{"embeddable":true,"href":"https:\/\/sandrineplumail.fr\/index.php\/wp-json\/wp\/v2\/users\/1"}],"replies":[{"embeddable":true,"href":"https:\/\/sandrineplumail.fr\/index.php\/wp-json\/wp\/v2\/comments?post=9"}],"version-history":[{"count":22,"href":"https:\/\/sandrineplumail.fr\/index.php\/wp-json\/wp\/v2\/pages\/9\/revisions"}],"predecessor-version":[{"id":315,"href":"https:\/\/sandrineplumail.fr\/index.php\/wp-json\/wp\/v2\/pages\/9\/revisions\/315"}],"wp:featuredmedia":[{"embeddable":true,"href":"https:\/\/sandrineplumail.fr\/index.php\/wp-json\/wp\/v2\/media\/51"}],"wp:attachment":[{"href":"https:\/\/sandrineplumail.fr\/index.php\/wp-json\/wp\/v2\/media?parent=9"}],"curies":[{"name":"wp","href":"https:\/\/api.w.org\/{rel}","templated":true}]}}